{"id":840,"date":"2022-03-16T19:07:28","date_gmt":"2022-03-16T19:07:28","guid":{"rendered":"https:\/\/www.roqasoft.com\/?page_id=840"},"modified":"2024-07-26T13:39:14","modified_gmt":"2024-07-26T13:39:14","slug":"web-hosting","status":"publish","type":"page","link":"https:\/\/www.roqasoft.com\/es\/web-hosting\/","title":{"rendered":"Web Hosting"},"content":{"rendered":"\t\t<div data-elementor-type=\"wp-page\" data-elementor-id=\"840\" class=\"elementor elementor-840\">\n\t\t\t\t\t\t<section class=\"elementor-section elementor-top-section elementor-element elementor-element-41bf456 elementor-section-full_width elementor-section-height-default elementor-section-height-default\" data-id=\"41bf456\" data-element_type=\"section\">\n\t\t\t\t\t\t<div class=\"elementor-container elementor-column-gap-no\">\n\t\t\t\t\t<div class=\"elementor-column elementor-col-100 elementor-top-column elementor-element elementor-element-cd0f4f9\" data-id=\"cd0f4f9\" data-element_type=\"column\">\n\t\t\t<div class=\"elementor-widget-wrap elementor-element-populated\">\n\t\t\t\t\t\t<div class=\"elementor-element elementor-element-a0f76a8 elementor-widget elementor-widget-html\" data-id=\"a0f76a8\" data-element_type=\"widget\" data-widget_type=\"html.default\">\n\t\t\t\t<div class=\"elementor-widget-container\">\n\t\t\t<div class=\"separador\"><\/div>\t\t<\/div>\n\t\t\t\t<\/div>\n\t\t\t\t\t<\/div>\n\t\t<\/div>\n\t\t\t\t\t<\/div>\n\t\t<\/section>\n\t\t\t\t<section class=\"elementor-section elementor-top-section elementor-element elementor-element-8654d81 elementor-section-full_width elementor-section-height-default elementor-section-height-default\" data-id=\"8654d81\" data-element_type=\"section\" data-settings=\"{&quot;background_background&quot;:&quot;classic&quot;}\">\n\t\t\t\t\t\t<div class=\"elementor-container elementor-column-gap-no\">\n\t\t\t\t\t<div class=\"elementor-column elementor-col-100 elementor-top-column elementor-element elementor-element-83284e0\" data-id=\"83284e0\" data-element_type=\"column\">\n\t\t\t<div class=\"elementor-widget-wrap elementor-element-populated\">\n\t\t\t\t\t\t<div class=\"elementor-element elementor-element-a782254 elementor-widget elementor-widget-premium-addon-banner\" data-id=\"a782254\" data-element_type=\"widget\" data-widget_type=\"premium-addon-banner.default\">\n\t\t\t\t<div class=\"elementor-widget-container\">\n\t\t\t\t\t<div class=\"premium-banner-ib premium-banner-min-height premium-banner-animation11 none active\">\n\t\t\t\t\t\t\t\t\t\t<img fetchpriority=\"high\" decoding=\"async\" width=\"1920\" height=\"960\" src=\"https:\/\/www.roqasoft.com\/wp-content\/uploads\/2024\/02\/banner.jpg\" class=\"attachment-full size-full wp-image-1335\" alt=\"\" srcset=\"https:\/\/www.roqasoft.com\/wp-content\/uploads\/2024\/02\/banner.jpg 1920w, https:\/\/www.roqasoft.com\/wp-content\/uploads\/2024\/02\/banner-300x150.jpg 300w, https:\/\/www.roqasoft.com\/wp-content\/uploads\/2024\/02\/banner-1024x512.jpg 1024w, https:\/\/www.roqasoft.com\/wp-content\/uploads\/2024\/02\/banner-768x384.jpg 768w, https:\/\/www.roqasoft.com\/wp-content\/uploads\/2024\/02\/banner-1536x768.jpg 1536w\" sizes=\"(max-width: 1920px) 100vw, 1920px\" \/>\t\t\t\t\t\t\t\t\t\t<div class=\"premium-banner-gradient\"><\/div>\n\t\t\t\t\t\t<div class=\"premium-banner-ib-desc\">\n\t\t\t\t\t\t\t\t\t<h3 class=\"premium-banner-ib-title premium_banner_title\">Web Hosting<\/h3>\t\t\t\t\t\t\t\t\t\t\t\t<\/div>\n\t\t\t\t\t<\/div>\n\t\t\t\t\t\t<\/div>\n\t\t\t\t<\/div>\n\t\t\t\t\t<\/div>\n\t\t<\/div>\n\t\t\t\t\t<\/div>\n\t\t<\/section>\n\t\t\t\t<section class=\"elementor-section elementor-top-section elementor-element elementor-element-4cebc40 elementor-section-full_width elementor-section-height-default elementor-section-height-default\" data-id=\"4cebc40\" data-element_type=\"section\">\n\t\t\t\t\t\t<div class=\"elementor-container elementor-column-gap-no\">\n\t\t\t\t\t<div class=\"elementor-column elementor-col-100 elementor-top-column elementor-element elementor-element-0625011\" data-id=\"0625011\" data-element_type=\"column\">\n\t\t\t<div class=\"elementor-widget-wrap elementor-element-populated\">\n\t\t\t\t\t\t<div class=\"elementor-element elementor-element-88bb533 elementor-widget elementor-widget-html\" data-id=\"88bb533\" data-element_type=\"widget\" data-widget_type=\"html.default\">\n\t\t\t\t<div class=\"elementor-widget-container\">\n\t\t\t<div class=\"separador\"><\/div>\t\t<\/div>\n\t\t\t\t<\/div>\n\t\t\t\t\t<\/div>\n\t\t<\/div>\n\t\t\t\t\t<\/div>\n\t\t<\/section>\n\t\t\t\t<section class=\"elementor-section elementor-top-section elementor-element elementor-element-dc30876 elementor-section-boxed elementor-section-height-default elementor-section-height-default\" data-id=\"dc30876\" data-element_type=\"section\">\n\t\t\t\t\t\t<div class=\"elementor-container elementor-column-gap-default\">\n\t\t\t\t\t<div class=\"elementor-column elementor-col-50 elementor-top-column elementor-element elementor-element-90af747\" data-id=\"90af747\" data-element_type=\"column\" data-settings=\"{&quot;background_background&quot;:&quot;classic&quot;}\">\n\t\t\t<div class=\"elementor-widget-wrap elementor-element-populated\">\n\t\t\t\t\t\t<div class=\"elementor-element elementor-element-5dcfce2 elementor-widget elementor-widget-heading\" data-id=\"5dcfce2\" data-element_type=\"widget\" data-widget_type=\"heading.default\">\n\t\t\t\t<div class=\"elementor-widget-container\">\n\t\t\t<style>\/*! elementor - v3.23.0 - 05-08-2024 *\/\n.elementor-heading-title{padding:0;margin:0;line-height:1}.elementor-widget-heading .elementor-heading-title[class*=elementor-size-]>a{color:inherit;font-size:inherit;line-height:inherit}.elementor-widget-heading .elementor-heading-title.elementor-size-small{font-size:15px}.elementor-widget-heading .elementor-heading-title.elementor-size-medium{font-size:19px}.elementor-widget-heading .elementor-heading-title.elementor-size-large{font-size:29px}.elementor-widget-heading .elementor-heading-title.elementor-size-xl{font-size:39px}.elementor-widget-heading .elementor-heading-title.elementor-size-xxl{font-size:59px}<\/style><h2 class=\"elementor-heading-title elementor-size-default\">Web Hosting Empresarial<\/h2>\t\t<\/div>\n\t\t\t\t<\/div>\n\t\t\t\t<div class=\"elementor-element elementor-element-39ed85e elementor-widget elementor-widget-text-editor\" data-id=\"39ed85e\" data-element_type=\"widget\" data-widget_type=\"text-editor.default\">\n\t\t\t\t<div class=\"elementor-widget-container\">\n\t\t\t<style>\/*! elementor - v3.23.0 - 05-08-2024 *\/\n.elementor-widget-text-editor.elementor-drop-cap-view-stacked .elementor-drop-cap{background-color:#69727d;color:#fff}.elementor-widget-text-editor.elementor-drop-cap-view-framed .elementor-drop-cap{color:#69727d;border:3px solid;background-color:transparent}.elementor-widget-text-editor:not(.elementor-drop-cap-view-default) .elementor-drop-cap{margin-top:8px}.elementor-widget-text-editor:not(.elementor-drop-cap-view-default) .elementor-drop-cap-letter{width:1em;height:1em}.elementor-widget-text-editor .elementor-drop-cap{float:left;text-align:center;line-height:1;font-size:50px}.elementor-widget-text-editor .elementor-drop-cap-letter{display:inline-block}<\/style>\t\t\t\t<p>Ofrecemos a nuestros clientes un servicio integral de <strong>Web Hosting Empresarial<\/strong> de <strong>calidad<\/strong> para hospedar sus servicios web y de correo electr\u00f3nico. <br \/><br \/>Nuestro servicio de Web Hosting no es un servicio masivo m\u00e1s, es un servicio avanzado con las \u00f3ptimas prestaciones, disponibilidad y soporte para aquellas empresas que valoren y requieran una plataforma confiable sumado a un soporte excepcional. <br \/><br \/>Nuestros servicios de Web Hosting se montan sobre la mejor plataforma disponible y cuentan con el mejor servicio pre y post venta. <br \/><br \/>Si desea ser asesorado para obtener m\u00e1s informaci\u00f3n o realizar contrataciones, no dude en contactarnos.<\/p>\t\t\t\t\t\t<\/div>\n\t\t\t\t<\/div>\n\t\t\t\t\t<\/div>\n\t\t<\/div>\n\t\t\t\t<div class=\"elementor-column elementor-col-50 elementor-top-column elementor-element elementor-element-68f7fe1\" data-id=\"68f7fe1\" data-element_type=\"column\">\n\t\t\t<div class=\"elementor-widget-wrap elementor-element-populated\">\n\t\t\t\t\t\t<div class=\"elementor-element elementor-element-9c1e6b9 elementor-widget elementor-widget-image\" data-id=\"9c1e6b9\" data-element_type=\"widget\" data-widget_type=\"image.default\">\n\t\t\t\t<div class=\"elementor-widget-container\">\n\t\t\t<style>\/*! elementor - v3.23.0 - 05-08-2024 *\/\n.elementor-widget-image{text-align:center}.elementor-widget-image a{display:inline-block}.elementor-widget-image a img[src$=\".svg\"]{width:48px}.elementor-widget-image img{vertical-align:middle;display:inline-block}<\/style>\t\t\t\t\t\t\t\t\t\t<img decoding=\"async\" width=\"600\" height=\"220\" src=\"https:\/\/www.roqasoft.com\/wp-content\/uploads\/2019\/04\/desarrollo-web-zaragoza.png\" class=\"attachment-large size-large wp-image-147\" alt=\"\" srcset=\"https:\/\/www.roqasoft.com\/wp-content\/uploads\/2019\/04\/desarrollo-web-zaragoza.png 600w, https:\/\/www.roqasoft.com\/wp-content\/uploads\/2019\/04\/desarrollo-web-zaragoza-300x110.png 300w\" sizes=\"(max-width: 600px) 100vw, 600px\" \/>\t\t\t\t\t\t\t\t\t\t\t\t\t<\/div>\n\t\t\t\t<\/div>\n\t\t\t\t\t<\/div>\n\t\t<\/div>\n\t\t\t\t\t<\/div>\n\t\t<\/section>\n\t\t\t\t<\/div>\n\t\t","protected":false},"excerpt":{"rendered":"<p>Web Hosting Web Hosting Empresarial Ofrecemos a nuestros clientes un servicio integral de Web Hosting Empresarial de calidad para hospedar sus servicios web y de correo electr\u00f3nico. Nuestro servicio de Web Hosting no es un servicio masivo m\u00e1s, es un servicio avanzado con las \u00f3ptimas prestaciones, disponibilidad y soporte para aquellas empresas que valoren y [&hellip;]<\/p>\n","protected":false},"author":1,"featured_media":0,"parent":0,"menu_order":0,"comment_status":"closed","ping_status":"closed","template":"elementor_header_footer","meta":{"footnotes":""},"class_list":["post-840","page","type-page","status-publish","hentry"],"_links":{"self":[{"href":"https:\/\/www.roqasoft.com\/es\/wp-json\/wp\/v2\/pages\/840"}],"collection":[{"href":"https:\/\/www.roqasoft.com\/es\/wp-json\/wp\/v2\/pages"}],"about":[{"href":"https:\/\/www.roqasoft.com\/es\/wp-json\/wp\/v2\/types\/page"}],"author":[{"embeddable":true,"href":"https:\/\/www.roqasoft.com\/es\/wp-json\/wp\/v2\/users\/1"}],"replies":[{"embeddable":true,"href":"https:\/\/www.roqasoft.com\/es\/wp-json\/wp\/v2\/comments?post=840"}],"version-history":[{"count":13,"href":"https:\/\/www.roqasoft.com\/es\/wp-json\/wp\/v2\/pages\/840\/revisions"}],"predecessor-version":[{"id":1360,"href":"https:\/\/www.roqasoft.com\/es\/wp-json\/wp\/v2\/pages\/840\/revisions\/1360"}],"wp:attachment":[{"href":"https:\/\/www.roqasoft.com\/es\/wp-json\/wp\/v2\/media?parent=840"}],"curies":[{"name":"wp","href":"https:\/\/api.w.org\/{rel}","templated":true}]}}